{"id":6198,"date":"2021-09-30T16:26:15","date_gmt":"2021-09-30T16:26:15","guid":{"rendered":"https:\/\/demo.leebrosus.com\/kosi\/?page_id=6198"},"modified":"2024-02-21T19:14:12","modified_gmt":"2024-02-21T19:14:12","slug":"qui-sommes-nous","status":"publish","type":"page","link":"https:\/\/isra-collection.com\/?page_id=6198","title":{"rendered":"Qui sommes-nous ?"},"content":{"rendered":"\t\t<div data-elementor-type=\"wp-page\" data-elementor-id=\"6198\" class=\"elementor elementor-6198\">\n\t\t\t\t\n\t\t<div class=\"elementor-section elementor-top-section elementor-element elementor-element-c3deea3 animated-fast elementor-section-stretched elementor-section-boxed elementor-section-height-default elementor-section-height-default elementor-invisible\" data-id=\"c3deea3\" data-element_type=\"section\" data-e-type=\"section\" data-settings=\"{&quot;animation&quot;:&quot;hp-move-up&quot;,&quot;stretch_section&quot;:&quot;section-stretched&quot;}\">\n\t\t\t\t\t\t<div class=\"elementor-container elementor-column-gap-no\">\n\t\t\t\t\t<div class=\"elementor-column elementor-col-100 elementor-top-column elementor-element elementor-element-9ce6a7f\" data-id=\"9ce6a7f\" data-element_type=\"column\" data-e-type=\"column\">\n\t\t\t<div class=\"elementor-widget-wrap elementor-element-populated\">\n\t\t\t\t\t\t<div class=\"elementor-element elementor-element-676b85f elementor-widget elementor-widget-heading\" data-id=\"676b85f\" data-element_type=\"widget\" data-e-type=\"widget\" data-widget_type=\"heading.default\">\n\t\t\t\t<div class=\"elementor-widget-container\">\n\t\t\t\t\t<h5 class=\"elementor-heading-title elementor-size-default\"><div style=\", sans-serif;font-size: 16px;font-weight: 400\"><br><\/div>Isra collection est une marque d\u2019une oumi auto-entrepreneuse sp\u00e9cialis\u00e9e dans la vente de malabis char3i pour soeurs.\n<\/h5>\t\t\t\t<\/div>\n\t\t\t\t<\/div>\n\t\t\n\t\t<div class=\"elementor-element elementor-element-687910f elementor-widget elementor-widget-text-editor\" data-id=\"687910f\" data-element_type=\"widget\" data-e-type=\"widget\" data-widget_type=\"text-editor.default\">\n\t\t\t\t<div class=\"elementor-widget-container\">\n\t\t\t\t\t\t\t\t\t<div><strong><span style=\"color: var( --e-global-color-text );\">\u00a0<\/span>J\u2019ai donc toujours baign\u00e9 dans la cr\u00e9ation de ce que nous, femmes musulmanes pouvons porter en respectant les valeurs du Coran et de la Sunna.<\/strong><\/div><div><strong>\u00a0<\/strong><\/div><div><strong>C\u2019est en \u00e9voluant dans ces reventes que j\u2019ai souhait\u00e9 cr\u00e9er MA marque pour encore plus pr\u00e9server mes s\u0153urs fiLlah \u00e0 travers de nouvelles confections car je souhaite \u00eatre une cause pour v\u00eatir mes soeurs de fa\u00e7on classe et \u00e9l\u00e9gante comme elles l\u2019aiment et cela toujours en respectant nos magnifiques valeurs islamiques.<\/strong><br \/><strong><br \/><\/strong><\/div><div><strong>C\u2019est donc avec humilit\u00e9 et fiert\u00e9 et apr\u00e8s de dures \u00e9preuves que nous avons surmont\u00e9 sans rel\u00e2che par la gr\u00e2ce d\u2019Allah, que l\u2019\u00e9quipe Isra collection met en \u0153uvre tout son savoir-faire pour vous proposer des nouveaut\u00e9s r\u00e9guli\u00e8rement.<\/strong><\/div><div>\u00a0<\/div>\t\t\t\t\t\t\t\t<\/div>\n\t\t\t\t<\/div>\n\t\t\t\t<div class=\"elementor-element elementor-element-94b7542 elementor-widget elementor-widget-heading\" data-id=\"94b7542\" data-element_type=\"widget\" data-e-type=\"widget\" data-widget_type=\"heading.default\">\n\t\t\t\t<div class=\"elementor-widget-container\">\n\t\t\t\t\t<h6 class=\"elementor-heading-title elementor-size-default\">Pour vous mes soeurs, pour vos filles et donc les miennes qui sont nos futurs s\u0153urs Fillah et pour lesquelles nous voulons une seule chose : leur amour pour Allah et donc l\u2019amour de se couvrir pour Lui et Lui Seul.<\/h6>\t\t\t\t<\/div>\n\t\t\t\t<\/div>\n\t\t\t\t\t<\/div>\n\t\t<\/div>\n\t\t\t\t\t<\/div>\n\t\t<\/div>\n\t\t\t\t<div class=\"elementor-section elementor-top-section elementor-element elementor-element-9f4d61c animated-fast elementor-section-stretched elementor-section-boxed elementor-section-height-default elementor-section-height-default elementor-invisible\" data-id=\"9f4d61c\" data-element_type=\"section\" data-e-type=\"section\" data-settings=\"{&quot;animation&quot;:&quot;hp-move-up&quot;,&quot;stretch_section&quot;:&quot;section-stretched&quot;}\">\n\t\t\t\t\t\t<div class=\"elementor-container elementor-column-gap-no\">\n\t\t\t\t\t<div class=\"elementor-column elementor-col-100 elementor-top-column elementor-element elementor-element-2603b1e\" data-id=\"2603b1e\" data-element_type=\"column\" data-e-type=\"column\">\n\t\t\t<div class=\"elementor-widget-wrap elementor-element-populated\">\n\t\t\t\t\t\t<div class=\"elementor-element elementor-element-2ba01b2 elementor-bg-transform elementor-bg-transform-move-up-custom box-align-center elementor-cta--valign-middle button-banner-style-kosi-outline elementor-widget elementor-widget-kosi-banner\" data-id=\"2ba01b2\" data-element_type=\"widget\" data-e-type=\"widget\" data-widget_type=\"kosi-banner.default\">\n\t\t\t\t<div class=\"elementor-widget-container\">\n\t\t\t\t\t<div class=\"skeleton-body\"><script type=\"text\/template\">\"        <a href=\\\"https:\\\/\\\/isra-collection.com\\\/?product=abaya-isra-manches-evasees\\\" class=\\\"elementor-cta--skin-cover elementor-cta elementor-kosi-banner\\\">\\n                    <div class=\\\"elementor-cta__bg-wrapper\\\">\\n                <div class=\\\"elementor-cta__bg elementor-bg\\\" style=\\\"background-image: url(https:\\\/\\\/isra-collection.com\\\/wp-content\\\/uploads\\\/2024\\\/02\\\/02934929-79cf-4840-8c00-f42f402244c7-768x1024-1.jpeg);\\\"><\\\/div>\\n                <div class=\\\"elementor-cta__bg-overlay\\\"><\\\/div>\\n            <\\\/div>\\n            <div class=\\\"elementor-cta__content layout-1\\\">\\n                    <div class=\\\"elementor-cta__subtitle elementor-cta__content-item elementor-content-item\\\">\\n                Nouveaut\\u00e9            <\\\/div>\\n        \\n                    <h3 class=\\\"elementor-cta__title elementor-cta__content-item elementor-content-item\\\">\\n            La Abaya Isra - manches \\u00e9vas\\u00e9es            <\\\/h3>\\n        \\n        \\n                <div class=\\\"elementor-cta__button-wrapper elementor-cta__content-item elementor-content-item \\\">\\n            <span class=\\\"elementor-cta__button elementor-button\\\">\\n            Commander maintenant            <\\\/span>\\n            <\\\/div>\\n                <\\\/div>\\n        <\\\/a>\\n        \"<\/script><div  class=\"skeleton-item skeleton-call-to-action\"><\/div><\/div>\t\t\t\t<\/div>\n\t\t\t\t<\/div>\n\t\t\t\t\t<\/div>\n\t\t<\/div>\n\t\t\t\t\t<\/div>\n\t\t<\/div>\n\t\t\t\t<\/div>\n\t\t","protected":false},"excerpt":{"rendered":"<p>Isra collection est une marque d\u2019une oumi auto-entrepreneuse sp\u00e9cialis\u00e9e dans la vente de malabis char3i pour soeurs. \u00a0J\u2019ai donc toujours baign\u00e9 dans la cr\u00e9ation de ce que nous, femmes musulmanes pouvons porter en respectant les valeurs du Coran et de la Sunna.\u00a0C\u2019est en \u00e9voluant dans ces reventes que j\u2019ai souhait\u00e9 cr\u00e9er MA marque pour encore [&hellip;]<\/p>\n","protected":false},"author":1,"featured_media":0,"parent":0,"menu_order":0,"comment_status":"closed","ping_status":"closed","template":"elementor_header_footer","meta":{"inline_featured_image":false,"footnotes":""},"folder":[],"class_list":["post-6198","page","type-page","status-publish","hentry"],"_links":{"self":[{"href":"https:\/\/isra-collection.com\/index.php?rest_route=\/wp\/v2\/pages\/6198","targetHints":{"allow":["GET"]}}],"collection":[{"href":"https:\/\/isra-collection.com\/index.php?rest_route=\/wp\/v2\/pages"}],"about":[{"href":"https:\/\/isra-collection.com\/index.php?rest_route=\/wp\/v2\/types\/page"}],"author":[{"embeddable":true,"href":"https:\/\/isra-collection.com\/index.php?rest_route=\/wp\/v2\/users\/1"}],"replies":[{"embeddable":true,"href":"https:\/\/isra-collection.com\/index.php?rest_route=%2Fwp%2Fv2%2Fcomments&post=6198"}],"version-history":[{"count":4,"href":"https:\/\/isra-collection.com\/index.php?rest_route=\/wp\/v2\/pages\/6198\/revisions"}],"predecessor-version":[{"id":11907,"href":"https:\/\/isra-collection.com\/index.php?rest_route=\/wp\/v2\/pages\/6198\/revisions\/11907"}],"wp:attachment":[{"href":"https:\/\/isra-collection.com\/index.php?rest_route=%2Fwp%2Fv2%2Fmedia&parent=6198"}],"wp:term":[{"taxonomy":"folder","embeddable":true,"href":"https:\/\/isra-collection.com\/index.php?rest_route=%2Fwp%2Fv2%2Ffolder&post=6198"}],"curies":[{"name":"wp","href":"https:\/\/api.w.org\/{rel}","templated":true}]}}