{"id":10271,"date":"2024-02-16T05:29:14","date_gmt":"2024-02-16T05:29:14","guid":{"rendered":"https:\/\/isra-collection.com\/?post_type=product&#038;p=10271"},"modified":"2026-05-07T21:12:19","modified_gmt":"2026-05-07T21:12:19","slug":"sous-abaya-whool-peach","status":"publish","type":"product","link":"https:\/\/isra-collection.com\/?product=sous-abaya-whool-peach","title":{"rendered":"Sous-abaya Whool Peach"},"content":{"rendered":"<h4 style=\"text-align: left;\">Sous abaya ou sous robe appeler la comme vous voulez ! Sans manches, id\u00e9ale pour cr\u00e9e vos combinaison de couleurs sous vous kimono ou tout simplement une abaya transparente. La tester c&rsquo;est l&rsquo;adopter !<\/h4>\n<h4 style=\"text-align: left;\">Elle est disponible en noir et blanc.<\/h4>\n<h4 style=\"text-align: left;\">Tissu Soie de m\u00e9dine qualit\u00e9 pr\u00e9mium<\/h4>\n<div style=\"text-align: left;\"><\/div>\n<p>&nbsp;<\/p>\n<h4 class=\"alt-font\" style=\"text-align: left;\"><strong>Descriptif des tailles :<\/strong><\/h4>\n<p>Taille 0 =\u00a0 s\u0153urs mesurant -1m57 largeur poitrine\u00a0 70cm<br \/>\nTaille 1 = s\u0153urs mesurant de 1m57 \u00e0 1m63 largeur poitrine 70 cm<br \/>\nTaille 2 = s\u0153urs mesurant de 1m64 \u00e0 1m69 largeur poitrine 70<br \/>\nTaille 3 =\u00a0 s\u0153urs mesurant de 1m70 \u00e0 1m75\u00a0 largeur poitrine 70 cm<br \/>\nTaille 4 = s\u0153urs mesurant + d&rsquo;1m 75 largeur poitrine 70cm<\/p>\n<p>&nbsp;<\/p>\n<p>Les couleurs claire peuvent \u00eatre transparentes.<\/p>\n","protected":false},"excerpt":{"rendered":"<p>Sous abaya ou sous robe appeler la comme vous voulez ! Sans manches, id\u00e9ale pour cr\u00e9e vos combinaison de couleurs sous vous kimono ou tout simplement une abaya transparente. La tester c&rsquo;est l&rsquo;adopter ! Elle est disponible en noir et blanc. Tissu Soie de m\u00e9dine qualit\u00e9 pr\u00e9mium &nbsp; Descriptif des tailles : Taille 0 =\u00a0 [&hellip;]<\/p>\n","protected":false},"featured_media":11700,"comment_status":"open","ping_status":"closed","template":"","meta":{"inline_featured_image":false},"product_brand":[],"product_cat":[267,27,69,184],"product_tag":[],"class_list":{"0":"post-10271","1":"product","2":"type-product","3":"status-publish","4":"has-post-thumbnail","6":"product_cat-promo","7":"product_cat-all","8":"product_cat-abaya","9":"product_cat-sous-abaya","11":"first","12":"instock","13":"sale","14":"shipping-taxable","15":"purchasable","16":"product-type-variable","17":"rtwpvg-product"},"_links":{"self":[{"href":"https:\/\/isra-collection.com\/index.php?rest_route=\/wp\/v2\/product\/10271","targetHints":{"allow":["GET"]}}],"collection":[{"href":"https:\/\/isra-collection.com\/index.php?rest_route=\/wp\/v2\/product"}],"about":[{"href":"https:\/\/isra-collection.com\/index.php?rest_route=\/wp\/v2\/types\/product"}],"replies":[{"embeddable":true,"href":"https:\/\/isra-collection.com\/index.php?rest_route=%2Fwp%2Fv2%2Fcomments&post=10271"}],"wp:featuredmedia":[{"embeddable":true,"href":"https:\/\/isra-collection.com\/index.php?rest_route=\/wp\/v2\/media\/11700"}],"wp:attachment":[{"href":"https:\/\/isra-collection.com\/index.php?rest_route=%2Fwp%2Fv2%2Fmedia&parent=10271"}],"wp:term":[{"taxonomy":"product_brand","embeddable":true,"href":"https:\/\/isra-collection.com\/index.php?rest_route=%2Fwp%2Fv2%2Fproduct_brand&post=10271"},{"taxonomy":"product_cat","embeddable":true,"href":"https:\/\/isra-collection.com\/index.php?rest_route=%2Fwp%2Fv2%2Fproduct_cat&post=10271"},{"taxonomy":"product_tag","embeddable":true,"href":"https:\/\/isra-collection.com\/index.php?rest_route=%2Fwp%2Fv2%2Fproduct_tag&post=10271"}],"curies":[{"name":"wp","href":"https:\/\/api.w.org\/{rel}","templated":true}]}}