{"id":10322,"date":"2024-02-16T07:56:36","date_gmt":"2024-02-16T07:56:36","guid":{"rendered":"https:\/\/isra-collection.com\/?post_type=product&#038;p=10322"},"modified":"2026-04-22T21:36:53","modified_gmt":"2026-04-22T21:36:53","slug":"khimar-2-voiles-whool-peach","status":"publish","type":"product","link":"https:\/\/isra-collection.com\/?product=khimar-2-voiles-whool-peach","title":{"rendered":"Khimar 2 voiles &#8211; Whool Peach"},"content":{"rendered":"<div><\/div>\n<div><\/div>\n<div style=\"text-align: left;\">Ce Khimar deux voiles est pour vous.<br \/>\nCe retomb\u00e9 sublime, sa coupe pointue vous assurera une couvrance totale in sha Allah.<\/div>\n<div style=\"text-align: left;\">En tissu zhool peach, un tissu fluide, l\u00e9ger et agr\u00e9able \u00e0 porter en \u00e9t\u00e9 comme en hiver.<\/div>\n<div><\/div>\n<div style=\"text-align: left;\"><em>Mesures \u00e0 l&rsquo;arri\u00e8re :<\/em><\/div>\n<div style=\"text-align: left;\">Premier voile : 1m17<\/div>\n<div style=\"text-align: left;\">Deuxi\u00e8me voile : 1m47<\/div>\n<div><\/div>\n<div style=\"text-align: left;\"><em>Mesure du voile \u00e0 l&rsquo;avant :<\/em> 1 m\u00e8tre<\/div>\n","protected":false},"excerpt":{"rendered":"<blockquote><p>&nbsp;<\/p><\/blockquote>\n<p><!--more--><\/p>\n","protected":false},"featured_media":13853,"comment_status":"open","ping_status":"closed","template":"","meta":{"inline_featured_image":false},"product_brand":[],"product_cat":[27,141,142],"product_tag":[],"class_list":{"0":"post-10322","1":"product","2":"type-product","3":"status-publish","4":"has-post-thumbnail","6":"product_cat-all","7":"product_cat-khimar","8":"product_cat-khimar-2-voiles","10":"first","11":"instock","12":"shipping-taxable","13":"purchasable","14":"product-type-variable","15":"rtwpvg-product"},"_links":{"self":[{"href":"https:\/\/isra-collection.com\/index.php?rest_route=\/wp\/v2\/product\/10322","targetHints":{"allow":["GET"]}}],"collection":[{"href":"https:\/\/isra-collection.com\/index.php?rest_route=\/wp\/v2\/product"}],"about":[{"href":"https:\/\/isra-collection.com\/index.php?rest_route=\/wp\/v2\/types\/product"}],"replies":[{"embeddable":true,"href":"https:\/\/isra-collection.com\/index.php?rest_route=%2Fwp%2Fv2%2Fcomments&post=10322"}],"wp:featuredmedia":[{"embeddable":true,"href":"https:\/\/isra-collection.com\/index.php?rest_route=\/wp\/v2\/media\/13853"}],"wp:attachment":[{"href":"https:\/\/isra-collection.com\/index.php?rest_route=%2Fwp%2Fv2%2Fmedia&parent=10322"}],"wp:term":[{"taxonomy":"product_brand","embeddable":true,"href":"https:\/\/isra-collection.com\/index.php?rest_route=%2Fwp%2Fv2%2Fproduct_brand&post=10322"},{"taxonomy":"product_cat","embeddable":true,"href":"https:\/\/isra-collection.com\/index.php?rest_route=%2Fwp%2Fv2%2Fproduct_cat&post=10322"},{"taxonomy":"product_tag","embeddable":true,"href":"https:\/\/isra-collection.com\/index.php?rest_route=%2Fwp%2Fv2%2Fproduct_tag&post=10322"}],"curies":[{"name":"wp","href":"https:\/\/api.w.org\/{rel}","templated":true}]}}