{"id":10650,"date":"2024-02-16T08:41:10","date_gmt":"2024-02-16T08:41:10","guid":{"rendered":"https:\/\/isra-collection.com\/?post_type=product&#038;p=10650"},"modified":"2026-04-30T10:04:17","modified_gmt":"2026-04-30T10:04:17","slug":"abaya-saoudienne-manches-bouffantes-whool-peach","status":"publish","type":"product","link":"https:\/\/isra-collection.com\/?product=abaya-saoudienne-manches-bouffantes-whool-peach","title":{"rendered":"Abaya Saoudienne manches bouffantes &#8211; Whool Peach"},"content":{"rendered":"<div style=\"text-align: left;\">Abaya saoudienne manche bouffante :<\/div>\n<div style=\"text-align: left;\">D\u00e9couvrez notre tout second mod\u00e8le d&rsquo;Abaya Isra Collection.<\/div>\n<div style=\"text-align: left;\">Cette abaya saura vous s\u00e9duire de part sa l\u00e9g\u00e8ret\u00e9 ainsi que son retomb\u00e9.<\/div>\n<div style=\"text-align: left;\">Dot\u00e9e d&rsquo;une fermeture \u00e9clair invisible au niveau de la poitrine elle permettra de faciliter votre allaitement.<\/div>\n<div style=\"text-align: left;\">Manche bouffante, l\u00e9g\u00e8rement cintr\u00e9e au poignet, munie d&rsquo;un bouton clips afin d&rsquo;obtenir un meilleur maintien au niveau des poign\u00e9es.<\/div>\n<div style=\"text-align: left;\">Pour un meilleur confort, toujours dans le but de s&rsquo;am\u00e9liorer et de vous satisfaire nous avons lever le surplus de tissu sur les c\u00f4t\u00e9s au niveau de l&rsquo;ourlet de la abaya.<\/div>\n<div style=\"text-align: left;\"><\/div>\n<div style=\"text-align: left;\">Tissu Whool Peach : magnifique retomb\u00e9 ne bouloche fluide mais opaque, touch\u00e9 peau de p\u00eache.<\/div>\n<div style=\"text-align: left;\">Se porte en \u00e9t\u00e9 comme en hiver.<\/div>\n<div style=\"text-align: left;\"><\/div>\n","protected":false},"excerpt":{"rendered":"<p>Abaya saoudienne manche bouffante : D\u00e9couvrez notre tout second mod\u00e8le d&rsquo;Abaya Isra Collection. Cette abaya saura vous s\u00e9duire de part sa l\u00e9g\u00e8ret\u00e9 ainsi que son retomb\u00e9. Dot\u00e9e d&rsquo;une fermeture \u00e9clair invisible au niveau de la poitrine elle permettra de faciliter votre allaitement. Manche bouffante, l\u00e9g\u00e8rement cintr\u00e9e au poignet, munie d&rsquo;un bouton clips afin d&rsquo;obtenir un [&hellip;]<\/p>\n","protected":false},"featured_media":14940,"comment_status":"open","ping_status":"closed","template":"","meta":{"inline_featured_image":false},"product_brand":[],"product_cat":[27,69,186],"product_tag":[],"class_list":{"0":"post-10650","1":"product","2":"type-product","3":"status-publish","4":"has-post-thumbnail","6":"product_cat-all","7":"product_cat-abaya","8":"product_cat-abaya-saoudienne","10":"first","11":"instock","12":"shipping-taxable","13":"purchasable","14":"product-type-variable","15":"has-default-attributes","16":"rtwpvg-product"},"_links":{"self":[{"href":"https:\/\/isra-collection.com\/index.php?rest_route=\/wp\/v2\/product\/10650","targetHints":{"allow":["GET"]}}],"collection":[{"href":"https:\/\/isra-collection.com\/index.php?rest_route=\/wp\/v2\/product"}],"about":[{"href":"https:\/\/isra-collection.com\/index.php?rest_route=\/wp\/v2\/types\/product"}],"replies":[{"embeddable":true,"href":"https:\/\/isra-collection.com\/index.php?rest_route=%2Fwp%2Fv2%2Fcomments&post=10650"}],"wp:featuredmedia":[{"embeddable":true,"href":"https:\/\/isra-collection.com\/index.php?rest_route=\/wp\/v2\/media\/14940"}],"wp:attachment":[{"href":"https:\/\/isra-collection.com\/index.php?rest_route=%2Fwp%2Fv2%2Fmedia&parent=10650"}],"wp:term":[{"taxonomy":"product_brand","embeddable":true,"href":"https:\/\/isra-collection.com\/index.php?rest_route=%2Fwp%2Fv2%2Fproduct_brand&post=10650"},{"taxonomy":"product_cat","embeddable":true,"href":"https:\/\/isra-collection.com\/index.php?rest_route=%2Fwp%2Fv2%2Fproduct_cat&post=10650"},{"taxonomy":"product_tag","embeddable":true,"href":"https:\/\/isra-collection.com\/index.php?rest_route=%2Fwp%2Fv2%2Fproduct_tag&post=10650"}],"curies":[{"name":"wp","href":"https:\/\/api.w.org\/{rel}","templated":true}]}}