{"id":10906,"date":"2024-02-16T17:10:10","date_gmt":"2024-02-16T17:10:10","guid":{"rendered":"https:\/\/isra-collection.com\/?post_type=product&#038;p=10906"},"modified":"2026-04-15T14:37:04","modified_gmt":"2026-04-15T14:37:04","slug":"abaya-saoudienne-manche-kimono-whool-peach","status":"publish","type":"product","link":"https:\/\/isra-collection.com\/?product=abaya-saoudienne-manche-kimono-whool-peach","title":{"rendered":"Abaya saoudienne manche kimono Whool Peach"},"content":{"rendered":"<div style=\"text-align: left;\">\n<p>Abaya saoudienne manche kimono:<\/p>\n<div><\/div>\n<div>D\u00e9couvrez notre tout premier mod\u00e8le d&rsquo;Abaya Isra Collection. Cette abaya saura vous s\u00e9duire de part sa l\u00e9g\u00e8ret\u00e9 ainsi que son retomb\u00e9 et sa\u00a0 l\u00e9g\u00e8ret\u00e9.<\/div>\n<div>Dot\u00e9e d&rsquo;une fermeture \u00e9clair invisible au niveau de la poitrine elle permettra de faciliter votre allaitement.<\/div>\n<div>Manche kimono large munie d&rsquo;un bouton clips pour un meilleur maintien au niveau des poign\u00e9es.<\/div>\n<div>Pour un meilleur confort toujours dans le but de s&rsquo;am\u00e9liorer et de vous satisfaire nous avons lever le surplus de tissu sur les c\u00f4t\u00e9s au niveau de l&rsquo;ourlet de la abaya.<\/div>\n<div><\/div>\n<div><\/div>\n<div>Tissu Whool Peach : magnifique retomb\u00e9 ne bouloche fluide mais opaque, touch\u00e9 peau de p\u00eache. Se porte en \u00e9t\u00e9 comme en hiver.<\/div>\n<div><\/div>\n<div>Descriptif des tailles :<\/div>\n<div>Taille 0 = -1m57<\/div>\n<div>Taille 1 = de 1m57 \u00e0 1m63<\/div>\n<div>Taille 2 = de 1m64 \u00e0 1m69<\/div>\n<div>Taille 3 = de 1m70 \u00e0 1m75<\/div>\n<div>Taille 4 = + d&rsquo;1m 75<\/div>\n<div><\/div>\n<div>Laver les abayas \u00e0 basses temp\u00e9ratures<\/div>\n<div>Les couleurs claires peuvent \u00eatre transparentes, il est conseill\u00e9 d&rsquo;\u00eatre habill\u00e9s sous la abaya<\/div>\n<\/div>\n","protected":false},"excerpt":{"rendered":"<p>Abaya saoudienne manche kimono: D\u00e9couvrez notre tout premier mod\u00e8le d&rsquo;Abaya Isra Collection. Cette abaya saura vous s\u00e9duire de part sa l\u00e9g\u00e8ret\u00e9 ainsi que son retomb\u00e9 et sa\u00a0 l\u00e9g\u00e8ret\u00e9. Dot\u00e9e d&rsquo;une fermeture \u00e9clair invisible au niveau de la poitrine elle permettra de faciliter votre allaitement. Manche kimono large munie d&rsquo;un bouton clips pour un meilleur maintien [&hellip;]<\/p>\n","protected":false},"featured_media":6296,"comment_status":"open","ping_status":"closed","template":"","meta":{"inline_featured_image":false},"product_brand":[],"product_cat":[27,69,186],"product_tag":[],"class_list":{"0":"post-10906","1":"product","2":"type-product","3":"status-publish","4":"has-post-thumbnail","6":"product_cat-all","7":"product_cat-abaya","8":"product_cat-abaya-saoudienne","10":"first","11":"instock","12":"shipping-taxable","13":"purchasable","14":"product-type-variable","15":"rtwpvg-product"},"_links":{"self":[{"href":"https:\/\/isra-collection.com\/index.php?rest_route=\/wp\/v2\/product\/10906","targetHints":{"allow":["GET"]}}],"collection":[{"href":"https:\/\/isra-collection.com\/index.php?rest_route=\/wp\/v2\/product"}],"about":[{"href":"https:\/\/isra-collection.com\/index.php?rest_route=\/wp\/v2\/types\/product"}],"replies":[{"embeddable":true,"href":"https:\/\/isra-collection.com\/index.php?rest_route=%2Fwp%2Fv2%2Fcomments&post=10906"}],"wp:featuredmedia":[{"embeddable":true,"href":"https:\/\/isra-collection.com\/index.php?rest_route=\/wp\/v2\/media\/6296"}],"wp:attachment":[{"href":"https:\/\/isra-collection.com\/index.php?rest_route=%2Fwp%2Fv2%2Fmedia&parent=10906"}],"wp:term":[{"taxonomy":"product_brand","embeddable":true,"href":"https:\/\/isra-collection.com\/index.php?rest_route=%2Fwp%2Fv2%2Fproduct_brand&post=10906"},{"taxonomy":"product_cat","embeddable":true,"href":"https:\/\/isra-collection.com\/index.php?rest_route=%2Fwp%2Fv2%2Fproduct_cat&post=10906"},{"taxonomy":"product_tag","embeddable":true,"href":"https:\/\/isra-collection.com\/index.php?rest_route=%2Fwp%2Fv2%2Fproduct_tag&post=10906"}],"curies":[{"name":"wp","href":"https:\/\/api.w.org\/{rel}","templated":true}]}}