{"id":14334,"date":"2026-04-14T09:50:43","date_gmt":"2026-04-14T09:50:43","guid":{"rendered":"https:\/\/isra-collection.com\/?post_type=product&#038;p=14334"},"modified":"2026-04-14T22:17:58","modified_gmt":"2026-04-14T22:17:58","slug":"abaya-bella","status":"publish","type":"product","link":"https:\/\/isra-collection.com\/?product=abaya-bella","title":{"rendered":"Abaya Bella"},"content":{"rendered":"<div class=\"flex flex-col text-sm pb-25\">\n<article class=\"text-token-text-primary w-full focus:outline-none [--shadow-height:45px] has-data-writing-block:pointer-events-none has-data-writing-block:-mt-(--shadow-height) has-data-writing-block:pt-(--shadow-height) [&amp;:has([data-writing-block])&gt;*]:pointer-events-auto scroll-mt-[calc(var(--header-height)+min(200px,max(70px,20svh)))]\" dir=\"auto\" tabindex=\"-1\" data-turn-id=\"request-WEB:0b45ff50-4666-4155-851d-ad4e1dbeee45-6\" data-testid=\"conversation-turn-14\" data-scroll-anchor=\"true\" data-turn=\"assistant\">\n<div class=\"text-base my-auto mx-auto pb-10 [--thread-content-margin:--spacing(4)] @w-sm\/main:[--thread-content-margin:--spacing(6)] @w-lg\/main:[--thread-content-margin:--spacing(16)] px-(--thread-content-margin)\">\n<div class=\"[--thread-content-max-width:40rem] @w-lg\/main:[--thread-content-max-width:48rem] mx-auto max-w-(--thread-content-max-width) flex-1 group\/turn-messages focus-visible:outline-hidden relative flex w-full min-w-0 flex-col agent-turn\" tabindex=\"-1\">\n<div class=\"flex max-w-full flex-col grow\">\n<div class=\"min-h-8 text-message relative flex w-full flex-col items-end gap-2 text-start break-words whitespace-normal [.text-message+&amp;]:mt-1\" dir=\"auto\" data-message-author-role=\"assistant\" data-message-id=\"b155b11e-51e5-47c0-8d08-48cfa071e138\" data-message-model-slug=\"gpt-5-3\">\n<div class=\"flex w-full flex-col gap-1 empty:hidden first:pt-[1px]\">\n<div class=\"markdown prose dark:prose-invert w-full break-words light markdown-new-styling\">\n<p data-start=\"46\" data-end=\"235\">Cette abaya \u00e9l\u00e9gante est confectionn\u00e9e en <strong data-start=\"88\" data-end=\"106\">soie de M\u00e9dine<\/strong>, reconnue pour sa douceur et son tomb\u00e9 fluide, associ\u00e9e \u00e0 une <strong data-start=\"169\" data-end=\"190\">moiti\u00e9 en velours<\/strong> qui apporte une touche luxueuse et raffin\u00e9e.<\/p>\n<p data-start=\"237\" data-end=\"393\">Son design harmonieux m\u00e9lange parfaitement les mati\u00e8res pour un rendu chic et original, id\u00e9al \u00e0 porter <strong data-start=\"340\" data-end=\"392\">entre femmes lors d\u2019occasions sp\u00e9ciales et f\u00eates<\/strong>.<\/p>\n<p data-start=\"395\" data-end=\"491\">Sa coupe ample assure confort et aisance, tout en mettant en valeur la silhouette avec \u00e9l\u00e9gance.<\/p>\n<p data-start=\"493\" data-end=\"619\" data-is-last-node=\"\" data-is-only-node=\"\">Disponible en <strong data-start=\"507\" data-end=\"526\">tailles 52 \u00e0 60<\/strong>, cette abaya est le choix parfait pour un look \u00e0 la fois <strong data-start=\"584\" data-end=\"618\">sophistiqu\u00e9, mastour et festif<\/strong>.<\/p>\n<\/div>\n<\/div>\n<\/div>\n<\/div>\n<div class=\"z-0 flex min-h-[46px] justify-start\"><\/div>\n<div class=\"mt-3 w-full empty:hidden\">\n<div class=\"text-center\"><\/div>\n<\/div>\n<\/div>\n<\/div>\n<\/article>\n<\/div>\n<div class=\"pointer-events-none h-px w-px absolute bottom-0\" aria-hidden=\"true\" data-edge=\"true\"><\/div>\n","protected":false},"excerpt":{"rendered":"<p>Cette abaya \u00e9l\u00e9gante est confectionn\u00e9e en soie de M\u00e9dine, reconnue pour sa douceur et son tomb\u00e9 fluide, associ\u00e9e \u00e0 une moiti\u00e9 en velours qui apporte une touche luxueuse et raffin\u00e9e. Son design harmonieux m\u00e9lange parfaitement les mati\u00e8res pour un rendu chic et original, id\u00e9al \u00e0 porter entre femmes lors d\u2019occasions sp\u00e9ciales et f\u00eates. Sa coupe [&hellip;]<\/p>\n","protected":false},"featured_media":15206,"comment_status":"open","ping_status":"closed","template":"","meta":{"inline_featured_image":false},"product_brand":[],"product_cat":[262,274,280,267,27,69],"product_tag":[],"class_list":{"0":"post-14334","1":"product","2":"type-product","3":"status-publish","4":"has-post-thumbnail","6":"product_cat-abaya-isra","7":"product_cat-mlle-bella","8":"product_cat-mlle-bella-paris","9":"product_cat-promo","10":"product_cat-all","11":"product_cat-abaya","13":"first","14":"instock","15":"sale","16":"shipping-taxable","17":"purchasable","18":"product-type-variable","19":"rtwpvg-product"},"_links":{"self":[{"href":"https:\/\/isra-collection.com\/index.php?rest_route=\/wp\/v2\/product\/14334","targetHints":{"allow":["GET"]}}],"collection":[{"href":"https:\/\/isra-collection.com\/index.php?rest_route=\/wp\/v2\/product"}],"about":[{"href":"https:\/\/isra-collection.com\/index.php?rest_route=\/wp\/v2\/types\/product"}],"replies":[{"embeddable":true,"href":"https:\/\/isra-collection.com\/index.php?rest_route=%2Fwp%2Fv2%2Fcomments&post=14334"}],"wp:featuredmedia":[{"embeddable":true,"href":"https:\/\/isra-collection.com\/index.php?rest_route=\/wp\/v2\/media\/15206"}],"wp:attachment":[{"href":"https:\/\/isra-collection.com\/index.php?rest_route=%2Fwp%2Fv2%2Fmedia&parent=14334"}],"wp:term":[{"taxonomy":"product_brand","embeddable":true,"href":"https:\/\/isra-collection.com\/index.php?rest_route=%2Fwp%2Fv2%2Fproduct_brand&post=14334"},{"taxonomy":"product_cat","embeddable":true,"href":"https:\/\/isra-collection.com\/index.php?rest_route=%2Fwp%2Fv2%2Fproduct_cat&post=14334"},{"taxonomy":"product_tag","embeddable":true,"href":"https:\/\/isra-collection.com\/index.php?rest_route=%2Fwp%2Fv2%2Fproduct_tag&post=14334"}],"curies":[{"name":"wp","href":"https:\/\/api.w.org\/{rel}","templated":true}]}}