{"id":6247,"date":"2024-02-15T08:28:26","date_gmt":"2024-02-15T08:28:26","guid":{"rendered":"https:\/\/isra-collection.com\/?post_type=product&#038;p=6247"},"modified":"2026-04-20T21:28:44","modified_gmt":"2026-04-20T21:28:44","slug":"manteau-cachemire","status":"publish","type":"product","link":"https:\/\/isra-collection.com\/?product=manteau-cachemire","title":{"rendered":"Manteau cachemire"},"content":{"rendered":"<div>Manteau cachemire Isra Collection.<\/div>\n<div>Tissu cachemire de haute qualit\u00e9.<\/div>\n<div>Sa coupe large permet de porter n&rsquo;importe quelle abaya saoudienne aussi bien au niveau de la coupe de la abaya que des manches de celle-ci et cela gr\u00e2ce \u00e0 l&rsquo;ouverture sur les c\u00f4t\u00e9s. Le manteau Isra Collection est dot\u00e9 d&rsquo;un bouton au niveau de la poitrine et d&rsquo;un col large afin de couvrir les \u00e9paules.<\/div>\n<div>Il a une grande capuche pour vous prot\u00e9ger de la pluie et se porte selon vos go\u00fbts au niveau de la longueur.<\/div>\n<div><\/div>\n<div>Taille1: 1m15 pour les soeurs qui portent les tailles de 0 \u00e0 2<\/div>\n<div>Taille2: 2m20 pour les soeurs qui portent les tailles 3 et 4.<\/div>\n<div><\/div>\n<div><\/div>\n","protected":false},"excerpt":{"rendered":"<div>Manteau cachemire Isra Collection.<\/div>\n<div>Tissu cachemire de haute qualit\u00e9.<\/div>\n<div>Sa coupe large permet de porter n&rsquo;importe quelle abaya saoudienne aussi bien au niveau de la coupe de la abaya que des manches de celle-ci et cela gr\u00e2ce \u00e0 l&rsquo;ouverture sur les c\u00f4t\u00e9s. Le manteau Isra Collection est dot\u00e9 d&rsquo;un bouton au niveau de la poitrine et d&rsquo;un col large afin de couvrir les \u00e9paules.<\/div>\n<div>Il a une grande capuche pour vous prot\u00e9ger de la pluie et se porte selon vos go\u00fbts au niveau de la longueur.<\/div>\n<div><\/div>\n","protected":false},"featured_media":6275,"comment_status":"open","ping_status":"closed","template":"","meta":{"inline_featured_image":false},"product_brand":[],"product_cat":[27,72,73],"product_tag":[],"class_list":{"0":"post-6247","1":"product","2":"type-product","3":"status-publish","4":"has-post-thumbnail","6":"product_cat-all","7":"product_cat-manteau","8":"product_cat-manteau-cachemire","10":"first","11":"outofstock","12":"shipping-taxable","13":"product-type-variable","14":"rtwpvg-product"},"_links":{"self":[{"href":"https:\/\/isra-collection.com\/index.php?rest_route=\/wp\/v2\/product\/6247","targetHints":{"allow":["GET"]}}],"collection":[{"href":"https:\/\/isra-collection.com\/index.php?rest_route=\/wp\/v2\/product"}],"about":[{"href":"https:\/\/isra-collection.com\/index.php?rest_route=\/wp\/v2\/types\/product"}],"replies":[{"embeddable":true,"href":"https:\/\/isra-collection.com\/index.php?rest_route=%2Fwp%2Fv2%2Fcomments&post=6247"}],"wp:featuredmedia":[{"embeddable":true,"href":"https:\/\/isra-collection.com\/index.php?rest_route=\/wp\/v2\/media\/6275"}],"wp:attachment":[{"href":"https:\/\/isra-collection.com\/index.php?rest_route=%2Fwp%2Fv2%2Fmedia&parent=6247"}],"wp:term":[{"taxonomy":"product_brand","embeddable":true,"href":"https:\/\/isra-collection.com\/index.php?rest_route=%2Fwp%2Fv2%2Fproduct_brand&post=6247"},{"taxonomy":"product_cat","embeddable":true,"href":"https:\/\/isra-collection.com\/index.php?rest_route=%2Fwp%2Fv2%2Fproduct_cat&post=6247"},{"taxonomy":"product_tag","embeddable":true,"href":"https:\/\/isra-collection.com\/index.php?rest_route=%2Fwp%2Fv2%2Fproduct_tag&post=6247"}],"curies":[{"name":"wp","href":"https:\/\/api.w.org\/{rel}","templated":true}]}}