{"id":6308,"date":"2024-02-15T08:51:01","date_gmt":"2024-02-15T08:51:01","guid":{"rendered":"https:\/\/isra-collection.com\/?post_type=product&#038;p=6308"},"modified":"2026-05-03T18:13:36","modified_gmt":"2026-05-03T18:13:36","slug":"abaya-isra-manches-evasees","status":"publish","type":"product","link":"https:\/\/isra-collection.com\/?product=abaya-isra-manches-evasees","title":{"rendered":"Abaya Isra Manches \u00e9vas\u00e9es"},"content":{"rendered":"<p>Nouveaut\u00e9 !<\/p>\n<p>Abaya \u00a0\u00bb Isra \u00a0\u00bb<\/p>\n<p>Coupe ample l\u00e9g\u00e8rement \u00e9vas\u00e9<\/p>\n<p>Sa particularit\u00e9 est au niveau de ses manches. Manche \u00e9vas\u00e9 doubl\u00e9 pour pr\u00e9server vos avant-bras.<\/p>\n<p>Con\u00e7u avec un tissu soie de M\u00e9dine de haute qualit\u00e9.<\/p>\n","protected":false},"excerpt":{"rendered":"<p>Nouveaut\u00e9 ! Abaya \u00a0\u00bb Isra \u00a0\u00bb Coupe ample l\u00e9g\u00e8rement \u00e9vas\u00e9 Sa particularit\u00e9 est au niveau de ses manches. Manche \u00e9vas\u00e9 doubl\u00e9 pour pr\u00e9server vos avant-bras. Con\u00e7u avec un tissu soie de M\u00e9dine de haute qualit\u00e9.<\/p>\n","protected":false},"featured_media":13113,"comment_status":"open","ping_status":"closed","template":"","meta":{"inline_featured_image":false},"product_brand":[],"product_cat":[263,27,69],"product_tag":[],"class_list":{"0":"post-6308","1":"product","2":"type-product","3":"status-publish","4":"has-post-thumbnail","6":"product_cat-manches-evasees","7":"product_cat-all","8":"product_cat-abaya","10":"first","11":"instock","12":"shipping-taxable","13":"purchasable","14":"product-type-variable","15":"has-default-attributes","16":"rtwpvg-product"},"_links":{"self":[{"href":"https:\/\/isra-collection.com\/index.php?rest_route=\/wp\/v2\/product\/6308","targetHints":{"allow":["GET"]}}],"collection":[{"href":"https:\/\/isra-collection.com\/index.php?rest_route=\/wp\/v2\/product"}],"about":[{"href":"https:\/\/isra-collection.com\/index.php?rest_route=\/wp\/v2\/types\/product"}],"replies":[{"embeddable":true,"href":"https:\/\/isra-collection.com\/index.php?rest_route=%2Fwp%2Fv2%2Fcomments&post=6308"}],"wp:featuredmedia":[{"embeddable":true,"href":"https:\/\/isra-collection.com\/index.php?rest_route=\/wp\/v2\/media\/13113"}],"wp:attachment":[{"href":"https:\/\/isra-collection.com\/index.php?rest_route=%2Fwp%2Fv2%2Fmedia&parent=6308"}],"wp:term":[{"taxonomy":"product_brand","embeddable":true,"href":"https:\/\/isra-collection.com\/index.php?rest_route=%2Fwp%2Fv2%2Fproduct_brand&post=6308"},{"taxonomy":"product_cat","embeddable":true,"href":"https:\/\/isra-collection.com\/index.php?rest_route=%2Fwp%2Fv2%2Fproduct_cat&post=6308"},{"taxonomy":"product_tag","embeddable":true,"href":"https:\/\/isra-collection.com\/index.php?rest_route=%2Fwp%2Fv2%2Fproduct_tag&post=6308"}],"curies":[{"name":"wp","href":"https:\/\/api.w.org\/{rel}","templated":true}]}}