{"id":6629,"date":"2024-02-15T11:15:56","date_gmt":"2024-02-15T11:15:56","guid":{"rendered":"https:\/\/isra-collection.com\/?post_type=product&#038;p=6629"},"modified":"2026-04-12T12:18:39","modified_gmt":"2026-04-12T12:18:39","slug":"khimar-2-voiles-mousseline-arrondi","status":"publish","type":"product","link":"https:\/\/isra-collection.com\/?product=khimar-2-voiles-mousseline-arrondi","title":{"rendered":"Khimar 2 voiles mousseline arrondi"},"content":{"rendered":"<p>Magnifique khimar mousseline 2 voiles arrondi<\/p>\n<p>Tissu fluide et \u00e9lastique agr\u00e9able \u00e0 porter.<\/p>\n","protected":false},"excerpt":{"rendered":"<p>Magnifique khimar mousseline 2 voiles arrondi Tissu fluide et \u00e9lastique agr\u00e9able \u00e0 porter.<\/p>\n","protected":false},"featured_media":6596,"comment_status":"open","ping_status":"closed","template":"","meta":{"inline_featured_image":false},"product_brand":[],"product_cat":[27,141,142],"product_tag":[],"class_list":{"0":"post-6629","1":"product","2":"type-product","3":"status-publish","4":"has-post-thumbnail","6":"product_cat-all","7":"product_cat-khimar","8":"product_cat-khimar-2-voiles","10":"first","11":"instock","12":"shipping-taxable","13":"purchasable","14":"product-type-variable","15":"rtwpvg-product"},"_links":{"self":[{"href":"https:\/\/isra-collection.com\/index.php?rest_route=\/wp\/v2\/product\/6629","targetHints":{"allow":["GET"]}}],"collection":[{"href":"https:\/\/isra-collection.com\/index.php?rest_route=\/wp\/v2\/product"}],"about":[{"href":"https:\/\/isra-collection.com\/index.php?rest_route=\/wp\/v2\/types\/product"}],"replies":[{"embeddable":true,"href":"https:\/\/isra-collection.com\/index.php?rest_route=%2Fwp%2Fv2%2Fcomments&post=6629"}],"wp:featuredmedia":[{"embeddable":true,"href":"https:\/\/isra-collection.com\/index.php?rest_route=\/wp\/v2\/media\/6596"}],"wp:attachment":[{"href":"https:\/\/isra-collection.com\/index.php?rest_route=%2Fwp%2Fv2%2Fmedia&parent=6629"}],"wp:term":[{"taxonomy":"product_brand","embeddable":true,"href":"https:\/\/isra-collection.com\/index.php?rest_route=%2Fwp%2Fv2%2Fproduct_brand&post=6629"},{"taxonomy":"product_cat","embeddable":true,"href":"https:\/\/isra-collection.com\/index.php?rest_route=%2Fwp%2Fv2%2Fproduct_cat&post=6629"},{"taxonomy":"product_tag","embeddable":true,"href":"https:\/\/isra-collection.com\/index.php?rest_route=%2Fwp%2Fv2%2Fproduct_tag&post=6629"}],"curies":[{"name":"wp","href":"https:\/\/api.w.org\/{rel}","templated":true}]}}