{"id":6769,"date":"2024-02-15T12:58:48","date_gmt":"2024-02-15T12:58:48","guid":{"rendered":"https:\/\/isra-collection.com\/?post_type=product&#038;p=6769"},"modified":"2026-04-16T11:58:56","modified_gmt":"2026-04-16T11:58:56","slug":"abaya-de-priere","status":"publish","type":"product","link":"https:\/\/isra-collection.com\/?product=abaya-de-priere","title":{"rendered":"Abaya de pri\u00e8re"},"content":{"rendered":"<p>LoAbaya de pri\u00e8re ample et longue pour une total couvrance lors de votre pri\u00e8re.<\/p>\n<p>&nbsp;<\/p>\n<p>Le hijab est int\u00e9gr\u00e9 \u00e0 la abaya, vous n&rsquo;avez plus a chercher un hijab ou un autre Pour couvrir votre t\u00eate au moment de votre pri\u00e8re.<\/p>\n<p>&nbsp;<\/p>\n<p>Taille unique, coupe large pour pour vous permettre d&rsquo;\u00eatre \u00e0 l&rsquo;aise lors de votre pri\u00e8re.\u00a0 Convient aux personne mesurant -d&rsquo;1m57 Id\u00e9al pour l&rsquo;offrir ou se l&rsquo;offrir.<\/p>\n<p>&nbsp;<\/p>\n<p>Confection en tissu whool Peach tr\u00e8s <!--more-->l\u00e9ger.<\/p>\n","protected":false},"excerpt":{"rendered":"<p>LoAbaya de pri\u00e8re ample et longue pour une total couvrance lors de votre pri\u00e8re. &nbsp; Le hijab est int\u00e9gr\u00e9 \u00e0 la abaya, vous n&rsquo;avez plus a chercher un hijab ou un autre Pour couvrir votre t\u00eate au moment de votre pri\u00e8re. &nbsp; Taille unique, coupe large pour pour vous permettre d&rsquo;\u00eatre \u00e0 l&rsquo;aise lors de [&hellip;]<\/p>\n","protected":false},"featured_media":8239,"comment_status":"open","ping_status":"closed","template":"","meta":{"inline_featured_image":false},"product_brand":[],"product_cat":[254,267,27,69],"product_tag":[],"class_list":{"0":"post-6769","1":"product","2":"type-product","3":"status-publish","4":"has-post-thumbnail","6":"product_cat-abaya-de-priere","7":"product_cat-promo","8":"product_cat-all","9":"product_cat-abaya","11":"first","12":"instock","13":"sale","14":"shipping-taxable","15":"purchasable","16":"product-type-variable","17":"rtwpvg-product"},"_links":{"self":[{"href":"https:\/\/isra-collection.com\/index.php?rest_route=\/wp\/v2\/product\/6769","targetHints":{"allow":["GET"]}}],"collection":[{"href":"https:\/\/isra-collection.com\/index.php?rest_route=\/wp\/v2\/product"}],"about":[{"href":"https:\/\/isra-collection.com\/index.php?rest_route=\/wp\/v2\/types\/product"}],"replies":[{"embeddable":true,"href":"https:\/\/isra-collection.com\/index.php?rest_route=%2Fwp%2Fv2%2Fcomments&post=6769"}],"wp:featuredmedia":[{"embeddable":true,"href":"https:\/\/isra-collection.com\/index.php?rest_route=\/wp\/v2\/media\/8239"}],"wp:attachment":[{"href":"https:\/\/isra-collection.com\/index.php?rest_route=%2Fwp%2Fv2%2Fmedia&parent=6769"}],"wp:term":[{"taxonomy":"product_brand","embeddable":true,"href":"https:\/\/isra-collection.com\/index.php?rest_route=%2Fwp%2Fv2%2Fproduct_brand&post=6769"},{"taxonomy":"product_cat","embeddable":true,"href":"https:\/\/isra-collection.com\/index.php?rest_route=%2Fwp%2Fv2%2Fproduct_cat&post=6769"},{"taxonomy":"product_tag","embeddable":true,"href":"https:\/\/isra-collection.com\/index.php?rest_route=%2Fwp%2Fv2%2Fproduct_tag&post=6769"}],"curies":[{"name":"wp","href":"https:\/\/api.w.org\/{rel}","templated":true}]}}