{"id":6775,"date":"2024-02-15T13:18:41","date_gmt":"2024-02-15T13:18:41","guid":{"rendered":"https:\/\/isra-collection.com\/?post_type=product&#038;p=6775"},"modified":"2026-04-20T21:27:52","modified_gmt":"2026-04-20T21:27:52","slug":"jilbab-wool-peach","status":"publish","type":"product","link":"https:\/\/isra-collection.com\/?product=jilbab-wool-peach","title":{"rendered":"Jilbab Wool Peach"},"content":{"rendered":"<ul>\n<li>Isra collection vous pr\u00e9sente sa nouveaut\u00e9e le jilbeb 2 pi\u00e8ces en tissu whool peach<\/li>\n<\/ul>\n<p><!--more--><\/p>\n<p>&nbsp;<\/p>\n<p>Ce tissu est intemporel, ce porte aussi bien en \u00e9t\u00e9 qu&rsquo;en hiver.<\/p>\n<p>Correspond \u00e0 une personne mesurant jusqu&rsquo;\u00e0 1m 77 environ , et peu convenir du 36 au 46.<\/p>\n<p>Les couleurs claire peuvent \u00eatre transparentes.<\/p>\n<p>\u00c0 laver \u00e0 basse temp\u00e9rature Trente degr\u00e9<\/p>\n<p>Les couleurs noir, bois de rose, gris, Bordeaux, Vert d&rsquo;eau, et bleu ciel sont l\u00e9g\u00e8rement plus large au niveaux de la cape que les autres couleurs<\/p>\n<p>&nbsp;<\/p>\n","protected":false},"excerpt":{"rendered":"<p>Isra collection vous pr\u00e9sente sa nouveaut\u00e9e le jilbeb 2 pi\u00e8ces en tissu whool peach<\/p>\n","protected":false},"featured_media":10099,"comment_status":"open","ping_status":"closed","template":"","meta":{"inline_featured_image":false},"product_brand":[],"product_cat":[27,168],"product_tag":[],"class_list":{"0":"post-6775","1":"product","2":"type-product","3":"status-publish","4":"has-post-thumbnail","6":"product_cat-all","7":"product_cat-jilbeb","9":"first","10":"instock","11":"shipping-taxable","12":"purchasable","13":"product-type-variable","14":"rtwpvg-product"},"_links":{"self":[{"href":"https:\/\/isra-collection.com\/index.php?rest_route=\/wp\/v2\/product\/6775","targetHints":{"allow":["GET"]}}],"collection":[{"href":"https:\/\/isra-collection.com\/index.php?rest_route=\/wp\/v2\/product"}],"about":[{"href":"https:\/\/isra-collection.com\/index.php?rest_route=\/wp\/v2\/types\/product"}],"replies":[{"embeddable":true,"href":"https:\/\/isra-collection.com\/index.php?rest_route=%2Fwp%2Fv2%2Fcomments&post=6775"}],"wp:featuredmedia":[{"embeddable":true,"href":"https:\/\/isra-collection.com\/index.php?rest_route=\/wp\/v2\/media\/10099"}],"wp:attachment":[{"href":"https:\/\/isra-collection.com\/index.php?rest_route=%2Fwp%2Fv2%2Fmedia&parent=6775"}],"wp:term":[{"taxonomy":"product_brand","embeddable":true,"href":"https:\/\/isra-collection.com\/index.php?rest_route=%2Fwp%2Fv2%2Fproduct_brand&post=6775"},{"taxonomy":"product_cat","embeddable":true,"href":"https:\/\/isra-collection.com\/index.php?rest_route=%2Fwp%2Fv2%2Fproduct_cat&post=6775"},{"taxonomy":"product_tag","embeddable":true,"href":"https:\/\/isra-collection.com\/index.php?rest_route=%2Fwp%2Fv2%2Fproduct_tag&post=6775"}],"curies":[{"name":"wp","href":"https:\/\/api.w.org\/{rel}","templated":true}]}}