{"id":6819,"date":"2024-02-15T15:20:51","date_gmt":"2024-02-15T15:20:51","guid":{"rendered":"https:\/\/isra-collection.com\/?post_type=product&#038;p=6819"},"modified":"2026-04-16T11:25:18","modified_gmt":"2026-04-16T11:25:18","slug":"abaya-de-priere-2-tailles","status":"publish","type":"product","link":"https:\/\/isra-collection.com\/?product=abaya-de-priere-2-tailles","title":{"rendered":"Abaya de pri\u00e8re &#8211; Hijab int\u00e9gr\u00e9"},"content":{"rendered":"<p>La Abaya de pri\u00e8re ample et longue pour une total couvrance lors de votre pri\u00e8re.<\/p>\n<p>&nbsp;<\/p>\n<p>Le hijab est int\u00e9gr\u00e9 \u00e0 la abaya, vous n&rsquo;avez plus a chercher un hijab ou un autre pour couvrir votre t\u00eate au moment de votre pri\u00e8re.<\/p>\n<p>&nbsp;<\/p>\n<p>2 Taille de disponible , celle-ci est large pour pour vous permettre d&rsquo;\u00eatre \u00e0 l&rsquo;aise lors de votre pri\u00e8re. Id\u00e9al pour l&rsquo;offrir ou se l&rsquo;offrir.<\/p>\n<p>taille 1 convient aux personnes qui mesurent entre 1m57 a 1m67 et la taille 2 aux personnes de 1m69 a 1m83 et plus<\/p>\n<p>Confection en tissu whool Peach tr\u00e8s l\u00e9ger.<\/p>\n","protected":false},"excerpt":{"rendered":"<p>La Abaya de pri\u00e8re ample et longue pour une total couvrance lors de votre pri\u00e8re. &nbsp; Le hijab est int\u00e9gr\u00e9 \u00e0 la abaya, vous n&rsquo;avez plus a chercher un hijab ou un autre pour couvrir votre t\u00eate au moment de votre pri\u00e8re. &nbsp; 2 Taille de disponible , celle-ci est large pour pour vous permettre [&hellip;]<\/p>\n","protected":false},"featured_media":12794,"comment_status":"open","ping_status":"closed","template":"","meta":{"inline_featured_image":false},"product_brand":[],"product_cat":[254,27,69],"product_tag":[],"class_list":{"0":"post-6819","1":"product","2":"type-product","3":"status-publish","4":"has-post-thumbnail","6":"product_cat-abaya-de-priere","7":"product_cat-all","8":"product_cat-abaya","10":"first","11":"instock","12":"shipping-taxable","13":"purchasable","14":"product-type-variable","15":"rtwpvg-product"},"_links":{"self":[{"href":"https:\/\/isra-collection.com\/index.php?rest_route=\/wp\/v2\/product\/6819","targetHints":{"allow":["GET"]}}],"collection":[{"href":"https:\/\/isra-collection.com\/index.php?rest_route=\/wp\/v2\/product"}],"about":[{"href":"https:\/\/isra-collection.com\/index.php?rest_route=\/wp\/v2\/types\/product"}],"replies":[{"embeddable":true,"href":"https:\/\/isra-collection.com\/index.php?rest_route=%2Fwp%2Fv2%2Fcomments&post=6819"}],"wp:featuredmedia":[{"embeddable":true,"href":"https:\/\/isra-collection.com\/index.php?rest_route=\/wp\/v2\/media\/12794"}],"wp:attachment":[{"href":"https:\/\/isra-collection.com\/index.php?rest_route=%2Fwp%2Fv2%2Fmedia&parent=6819"}],"wp:term":[{"taxonomy":"product_brand","embeddable":true,"href":"https:\/\/isra-collection.com\/index.php?rest_route=%2Fwp%2Fv2%2Fproduct_brand&post=6819"},{"taxonomy":"product_cat","embeddable":true,"href":"https:\/\/isra-collection.com\/index.php?rest_route=%2Fwp%2Fv2%2Fproduct_cat&post=6819"},{"taxonomy":"product_tag","embeddable":true,"href":"https:\/\/isra-collection.com\/index.php?rest_route=%2Fwp%2Fv2%2Fproduct_tag&post=6819"}],"curies":[{"name":"wp","href":"https:\/\/api.w.org\/{rel}","templated":true}]}}