{"id":7252,"date":"2024-02-15T16:40:17","date_gmt":"2024-02-15T16:40:17","guid":{"rendered":"https:\/\/isra-collection.com\/?post_type=product&#038;p=7252"},"modified":"2026-05-01T11:51:59","modified_gmt":"2026-05-01T11:51:59","slug":"abaya-saoudienne-tissu-crepe-froisse","status":"publish","type":"product","link":"https:\/\/isra-collection.com\/?product=abaya-saoudienne-tissu-crepe-froisse","title":{"rendered":"Abaya Saoudienne tissu cr\u00eape froiss\u00e9"},"content":{"rendered":"<div style=\"text-align: center;\"><\/div>\n<div>D\u00e9couvrez notre tout second mod\u00e8le d\u2019Abaya Isra Collection.<\/div>\n<div>Cette abaya saura vous s\u00e9duire de part sa l\u00e9g\u00e8ret\u00e9 ainsi que son retomb\u00e9.<\/div>\n<div>Dot\u00e9e d\u2019une fermeture \u00e9clair invisible au niveau de la poitrine elle permettra de faciliter votre allaitement.<\/div>\n<div>Manche bouffante, l\u00e9g\u00e8rement cintr\u00e9e au poignet, munie d\u2019un bouton clips afin d\u2019obtenir un meilleur maintien au niveau des poign\u00e9es.<\/div>\n<div><\/div>\n<div>Tissu cr\u00eape froiss\u00e9\u00a0 fluide et l\u00e9ger. Id\u00e9ale pour toutes les saisons<\/div>\n<div>\n<div><\/div>\n<div><\/div>\n<div>Guides des tailles:<\/div>\n<div>Taille 0 = -1m57<\/div>\n<div>Taille 1 = de 1m57 \u00e0 1m63<\/div>\n<div>Taille 2 = de 1m64 \u00e0 1m69<\/div>\n<div>Taille 3 = de 1m70 \u00e0 1m75<\/div>\n<div>Taille 4 = + d&rsquo;1m 75<\/div>\n<div><\/div>\n<div>Les abayas doivent \u00eatre port\u00e9 de mani\u00e8re l\u00e9gif\u00e9r\u00e9 avec un maxi khimar ou un maxi hijeb<\/div>\n<div>Tissu cr\u00eape froiss\u00e9\u00a0 fluide et l\u00e9ger. Id\u00e9ale pour toutes les saisons<\/div>\n<\/div>\n<div>Les couleurs claire peuvent \u00eatre transparentes.<\/div>\n","protected":false},"excerpt":{"rendered":"<p>D\u00e9couvrez notre tout second mod\u00e8le d\u2019Abaya Isra Collection. Cette abaya saura vous s\u00e9duire de part sa l\u00e9g\u00e8ret\u00e9 ainsi que son retomb\u00e9. Dot\u00e9e d\u2019une fermeture \u00e9clair invisible au niveau de la poitrine elle permettra de faciliter votre allaitement. Manche bouffante, l\u00e9g\u00e8rement cintr\u00e9e au poignet, munie d\u2019un bouton clips afin d\u2019obtenir un meilleur maintien au niveau des [&hellip;]<\/p>\n","protected":false},"featured_media":11495,"comment_status":"open","ping_status":"closed","template":"","meta":{"inline_featured_image":false},"product_brand":[],"product_cat":[27,69,186],"product_tag":[],"class_list":{"0":"post-7252","1":"product","2":"type-product","3":"status-publish","4":"has-post-thumbnail","6":"product_cat-all","7":"product_cat-abaya","8":"product_cat-abaya-saoudienne","10":"first","11":"instock","12":"shipping-taxable","13":"purchasable","14":"product-type-variable","15":"rtwpvg-product"},"_links":{"self":[{"href":"https:\/\/isra-collection.com\/index.php?rest_route=\/wp\/v2\/product\/7252","targetHints":{"allow":["GET"]}}],"collection":[{"href":"https:\/\/isra-collection.com\/index.php?rest_route=\/wp\/v2\/product"}],"about":[{"href":"https:\/\/isra-collection.com\/index.php?rest_route=\/wp\/v2\/types\/product"}],"replies":[{"embeddable":true,"href":"https:\/\/isra-collection.com\/index.php?rest_route=%2Fwp%2Fv2%2Fcomments&post=7252"}],"wp:featuredmedia":[{"embeddable":true,"href":"https:\/\/isra-collection.com\/index.php?rest_route=\/wp\/v2\/media\/11495"}],"wp:attachment":[{"href":"https:\/\/isra-collection.com\/index.php?rest_route=%2Fwp%2Fv2%2Fmedia&parent=7252"}],"wp:term":[{"taxonomy":"product_brand","embeddable":true,"href":"https:\/\/isra-collection.com\/index.php?rest_route=%2Fwp%2Fv2%2Fproduct_brand&post=7252"},{"taxonomy":"product_cat","embeddable":true,"href":"https:\/\/isra-collection.com\/index.php?rest_route=%2Fwp%2Fv2%2Fproduct_cat&post=7252"},{"taxonomy":"product_tag","embeddable":true,"href":"https:\/\/isra-collection.com\/index.php?rest_route=%2Fwp%2Fv2%2Fproduct_tag&post=7252"}],"curies":[{"name":"wp","href":"https:\/\/api.w.org\/{rel}","templated":true}]}}