{"id":8026,"date":"2024-02-15T16:58:59","date_gmt":"2024-02-15T16:58:59","guid":{"rendered":"https:\/\/isra-collection.com\/?post_type=product&#038;p=8026"},"modified":"2026-04-13T00:03:20","modified_gmt":"2026-04-13T00:03:20","slug":"jilbeb-tissu-crepe-froisse","status":"publish","type":"product","link":"https:\/\/isra-collection.com\/?product=jilbeb-tissu-crepe-froisse","title":{"rendered":"Jilbeb tissu cr\u00eape froiss\u00e9"},"content":{"rendered":"<div>\n<p>Isra collection vous pr\u00e9sente sa nouveaut\u00e9 le jilbeb 2 pi\u00e8ces en tissu cr\u00eape froiss\u00e9.<\/p>\n<div>Tissu cr\u00eape froiss\u00e9\u00a0 fluide et l\u00e9ger. Id\u00e9ale pour toutes les saisons<\/div>\n<p>Ce tissu est intemporel, ce porte aussi bien en \u00e9t\u00e9 qu&rsquo;en hiver.<\/p>\n<p>Correspond \u00e0 une personne mesurant jusqu&rsquo;\u00e0 1m 77 , et peu convenir du 36 au 50.<\/p>\n<p>&nbsp;<\/p>\n<p>Les couleurs claire peuvent \u00eatre transparentes.<\/p>\n<\/div>\n<div><\/div>\n<div><\/div>\n<div>Guides des tailles:<\/div>\n<div>Taille 0 = -1m57<\/div>\n<div>Taille 1 = de 1m57 \u00e0 1m63<\/div>\n<div>Taille 2 = de 1m64 \u00e0 1m69<\/div>\n<div>Taille 3 = de 1m70 \u00e0 1m75<\/div>\n<div>Taille 4 = + d&rsquo;1m 75<\/div>\n<div><\/div>\n<div>Les abayas doivent \u00eatre port\u00e9 de mani\u00e8re l\u00e9gif\u00e9r\u00e9 avec un maxi khimar ou un maxi hijeb.<\/div>\n","protected":false},"excerpt":{"rendered":"<p>Isra collection vous pr\u00e9sente sa nouveaut\u00e9 le jilbeb 2 pi\u00e8ces en tissu cr\u00eape froiss\u00e9. Tissu cr\u00eape froiss\u00e9\u00a0 fluide et l\u00e9ger. Id\u00e9ale pour toutes les saisons Ce tissu est intemporel, ce porte aussi bien en \u00e9t\u00e9 qu&rsquo;en hiver. Correspond \u00e0 une personne mesurant jusqu&rsquo;\u00e0 1m 77 , et peu convenir du 36 au 50. &nbsp; Les [&hellip;]<\/p>\n","protected":false},"featured_media":11489,"comment_status":"open","ping_status":"closed","template":"","meta":{"inline_featured_image":false},"product_brand":[],"product_cat":[267,27,168],"product_tag":[],"class_list":{"0":"post-8026","1":"product","2":"type-product","3":"status-publish","4":"has-post-thumbnail","6":"product_cat-promo","7":"product_cat-all","8":"product_cat-jilbeb","10":"first","11":"instock","12":"shipping-taxable","13":"purchasable","14":"product-type-variable","15":"rtwpvg-product"},"_links":{"self":[{"href":"https:\/\/isra-collection.com\/index.php?rest_route=\/wp\/v2\/product\/8026","targetHints":{"allow":["GET"]}}],"collection":[{"href":"https:\/\/isra-collection.com\/index.php?rest_route=\/wp\/v2\/product"}],"about":[{"href":"https:\/\/isra-collection.com\/index.php?rest_route=\/wp\/v2\/types\/product"}],"replies":[{"embeddable":true,"href":"https:\/\/isra-collection.com\/index.php?rest_route=%2Fwp%2Fv2%2Fcomments&post=8026"}],"wp:featuredmedia":[{"embeddable":true,"href":"https:\/\/isra-collection.com\/index.php?rest_route=\/wp\/v2\/media\/11489"}],"wp:attachment":[{"href":"https:\/\/isra-collection.com\/index.php?rest_route=%2Fwp%2Fv2%2Fmedia&parent=8026"}],"wp:term":[{"taxonomy":"product_brand","embeddable":true,"href":"https:\/\/isra-collection.com\/index.php?rest_route=%2Fwp%2Fv2%2Fproduct_brand&post=8026"},{"taxonomy":"product_cat","embeddable":true,"href":"https:\/\/isra-collection.com\/index.php?rest_route=%2Fwp%2Fv2%2Fproduct_cat&post=8026"},{"taxonomy":"product_tag","embeddable":true,"href":"https:\/\/isra-collection.com\/index.php?rest_route=%2Fwp%2Fv2%2Fproduct_tag&post=8026"}],"curies":[{"name":"wp","href":"https:\/\/api.w.org\/{rel}","templated":true}]}}