{"id":8313,"date":"2024-02-15T17:23:21","date_gmt":"2024-02-15T17:23:21","guid":{"rendered":"https:\/\/isra-collection.com\/?post_type=product&#038;p=8313"},"modified":"2026-05-01T11:47:30","modified_gmt":"2026-05-01T11:47:30","slug":"abaya-cloche-2-pieces-soie-de-medine","status":"publish","type":"product","link":"https:\/\/isra-collection.com\/?product=abaya-cloche-2-pieces-soie-de-medine","title":{"rendered":"Abaya Cloche 2 pi\u00e8ces &#8211; Soie de M\u00e9dine"},"content":{"rendered":"<p>D\u00e9couvrez notre toute nouvelle Abaya deux pieces. Cette abaya est la pi\u00e8ce qu\u2019il faut avoir dans sa garde-robe&#8230;<\/p>\n<div>Mod\u00e8le cloche pour un nouveau design tout en \u00e9tant mastoura.<\/div>\n<div>Dot\u00e9e de manche droite fa\u00e7on ballon, toutes en \u00e9tant tr\u00e8s couvrantes. Fermeture \u00e9clair invisible au niveau de la poitrine elle permettra de faciliter votre allaitement.<\/div>\n<div>Manche \u00e9lastique afin d\u2019obtenir un meilleur maintien au niveau des poign\u00e9es.<\/div>\n<div>Les couleurs peuvent changer selon la luminosit\u00e9. Les couleurs claire sont transparentes.<\/div>\n<div><\/div>\n<div>\n<div><\/div>\n<div>Tissu soie de m\u00e9dine : la soie de m\u00e9dine est un tissu de luxe haute qualit\u00e9,<\/div>\n<div>Magnifique retomb\u00e9 ne bouloche pas fluide.<\/div>\n<div>Se porte en \u00e9t\u00e9 comme en hiver.<\/div>\n<\/div>\n<div><\/div>\n<div>Correspond \u00e0 une personne mesurant jusqu\u2019\u00e0 1m 77 , et peu convenir du 36 au 50.<\/div>\n<div><\/div>\n<div>Les abayas doivent \u00eatre port\u00e9 de mani\u00e8re l\u00e9gif\u00e9r\u00e9 avec un maxi khimar ou un maxi hijeb<\/div>\n<div>Les couleurs claire peuvent \u00eatre transparentes.<\/div>\n","protected":false},"excerpt":{"rendered":"<p>D\u00e9couvrez notre toute nouvelle Abaya deux pieces. Cette abaya est la pi\u00e8ce qu\u2019il faut avoir dans sa garde-robe&#8230; Mod\u00e8le cloche pour un nouveau design tout en \u00e9tant mastoura. Dot\u00e9e de manche droite fa\u00e7on ballon, toutes en \u00e9tant tr\u00e8s couvrantes. Fermeture \u00e9clair invisible au niveau de la poitrine elle permettra de faciliter votre allaitement. Manche \u00e9lastique [&hellip;]<\/p>\n","protected":false},"featured_media":11978,"comment_status":"open","ping_status":"closed","template":"","meta":{"inline_featured_image":false},"product_brand":[],"product_cat":[27,69,149],"product_tag":[],"class_list":{"0":"post-8313","1":"product","2":"type-product","3":"status-publish","4":"has-post-thumbnail","6":"product_cat-all","7":"product_cat-abaya","8":"product_cat-abaya-cloche","10":"first","11":"instock","12":"shipping-taxable","13":"purchasable","14":"product-type-variable","15":"rtwpvg-product"},"_links":{"self":[{"href":"https:\/\/isra-collection.com\/index.php?rest_route=\/wp\/v2\/product\/8313","targetHints":{"allow":["GET"]}}],"collection":[{"href":"https:\/\/isra-collection.com\/index.php?rest_route=\/wp\/v2\/product"}],"about":[{"href":"https:\/\/isra-collection.com\/index.php?rest_route=\/wp\/v2\/types\/product"}],"replies":[{"embeddable":true,"href":"https:\/\/isra-collection.com\/index.php?rest_route=%2Fwp%2Fv2%2Fcomments&post=8313"}],"wp:featuredmedia":[{"embeddable":true,"href":"https:\/\/isra-collection.com\/index.php?rest_route=\/wp\/v2\/media\/11978"}],"wp:attachment":[{"href":"https:\/\/isra-collection.com\/index.php?rest_route=%2Fwp%2Fv2%2Fmedia&parent=8313"}],"wp:term":[{"taxonomy":"product_brand","embeddable":true,"href":"https:\/\/isra-collection.com\/index.php?rest_route=%2Fwp%2Fv2%2Fproduct_brand&post=8313"},{"taxonomy":"product_cat","embeddable":true,"href":"https:\/\/isra-collection.com\/index.php?rest_route=%2Fwp%2Fv2%2Fproduct_cat&post=8313"},{"taxonomy":"product_tag","embeddable":true,"href":"https:\/\/isra-collection.com\/index.php?rest_route=%2Fwp%2Fv2%2Fproduct_tag&post=8313"}],"curies":[{"name":"wp","href":"https:\/\/api.w.org\/{rel}","templated":true}]}}