{"id":9562,"date":"2024-02-15T18:10:38","date_gmt":"2024-02-15T18:10:38","guid":{"rendered":"https:\/\/isra-collection.com\/?post_type=product&#038;p=9562"},"modified":"2026-03-30T11:48:58","modified_gmt":"2026-03-30T11:48:58","slug":"manteau-anissa","status":"publish","type":"product","link":"https:\/\/isra-collection.com\/?product=manteau-anissa","title":{"rendered":"Manteau Anissa"},"content":{"rendered":"<p>Manteau Anissa coupe Oversize tr\u00e8s ample, haute qualit\u00e9 finition premium.<\/p>\n<p>Tissu \u00e9pais pour un hiver bien au chaud !<\/p>\n<p>Poches fonctionnelles sur les cot\u00e9s, capuche extra large.<\/p>\n<p>Compatible avec les jilbebs et abayas saoudienne \/ papillon<\/p>\n<p>mesures: 1m14 longueur 93cm largeur<\/p>\n<p>Existe en noir camel gris blanc bleu nuit<\/p>\n","protected":false},"excerpt":{"rendered":"<p>Manteau Anissa coupe Oversize tr\u00e8s ample, haute qualit\u00e9 finition premium. Tissu \u00e9pais pour un hiver bien au chaud ! Poches fonctionnelles sur les cot\u00e9s, capuche extra large. Compatible avec les jilbebs et abayas saoudienne \/ papillon mesures: 1m14 longueur 93cm largeur Existe en noir camel gris blanc bleu nuit<\/p>\n","protected":false},"featured_media":11675,"comment_status":"open","ping_status":"closed","template":"","meta":{"inline_featured_image":false},"product_brand":[],"product_cat":[267,27,72],"product_tag":[],"class_list":{"0":"post-9562","1":"product","2":"type-product","3":"status-publish","4":"has-post-thumbnail","6":"product_cat-promo","7":"product_cat-all","8":"product_cat-manteau","10":"first","11":"instock","12":"sale","13":"shipping-taxable","14":"purchasable","15":"product-type-variable","16":"rtwpvg-product"},"_links":{"self":[{"href":"https:\/\/isra-collection.com\/index.php?rest_route=\/wp\/v2\/product\/9562","targetHints":{"allow":["GET"]}}],"collection":[{"href":"https:\/\/isra-collection.com\/index.php?rest_route=\/wp\/v2\/product"}],"about":[{"href":"https:\/\/isra-collection.com\/index.php?rest_route=\/wp\/v2\/types\/product"}],"replies":[{"embeddable":true,"href":"https:\/\/isra-collection.com\/index.php?rest_route=%2Fwp%2Fv2%2Fcomments&post=9562"}],"wp:featuredmedia":[{"embeddable":true,"href":"https:\/\/isra-collection.com\/index.php?rest_route=\/wp\/v2\/media\/11675"}],"wp:attachment":[{"href":"https:\/\/isra-collection.com\/index.php?rest_route=%2Fwp%2Fv2%2Fmedia&parent=9562"}],"wp:term":[{"taxonomy":"product_brand","embeddable":true,"href":"https:\/\/isra-collection.com\/index.php?rest_route=%2Fwp%2Fv2%2Fproduct_brand&post=9562"},{"taxonomy":"product_cat","embeddable":true,"href":"https:\/\/isra-collection.com\/index.php?rest_route=%2Fwp%2Fv2%2Fproduct_cat&post=9562"},{"taxonomy":"product_tag","embeddable":true,"href":"https:\/\/isra-collection.com\/index.php?rest_route=%2Fwp%2Fv2%2Fproduct_tag&post=9562"}],"curies":[{"name":"wp","href":"https:\/\/api.w.org\/{rel}","templated":true}]}}