{"id":9573,"date":"2024-02-15T18:48:33","date_gmt":"2024-02-15T18:48:33","guid":{"rendered":"https:\/\/isra-collection.com\/?post_type=product&#038;p=9573"},"modified":"2026-04-27T10:28:57","modified_gmt":"2026-04-27T10:28:57","slug":"maxi-khimar-bord-arrondi-tissu-soie-de-medine","status":"publish","type":"product","link":"https:\/\/isra-collection.com\/?product=maxi-khimar-bord-arrondi-tissu-soie-de-medine","title":{"rendered":"Maxi Khimar bord arrondi Tissu Soie de M\u00e9dine"},"content":{"rendered":"<div style=\"text-align: left;\">\n<ol>\n<li>Le Maxi khimar Isra collection est pour vous.<\/li>\n<\/ol>\n<div>Ce retomb\u00e9 sublime sa coupe pointu et arrondi sur les c\u00f4t\u00e9s vous assurera une couvrante total in sha Allah.<\/div>\n<div>Tr\u00e8s l\u00e9ger et fluide il dot\u00e9 de deux cordelette pour celle qui d\u00e9sir\u00e9e le porter en niquab.<\/div>\n<div><\/div>\n<div><em>Longeur devant 1m10<\/em><\/div>\n<div><em>Derri\u00e8re 1 m\u00e8tre 50<\/em><\/div>\n<div><em> (mesure sans le bandeau )<\/em><\/div>\n<\/div>\n<div>\n<div><\/div>\n<div>Tissu soie de m\u00e9dine : la soie de m\u00e9dine est un tissu de luxe haute qualit\u00e9,<\/div>\n<div>Magnifique retomb\u00e9 ne bouloche pas fluide mais opaque.<\/div>\n<div>Se porte en \u00e9t\u00e9 comme en hiver.<\/div>\n<\/div>\n<div style=\"text-align: left;\"><\/div>\n<div style=\"text-align: left;\"><\/div>\n<div style=\"text-align: left;\"><\/div>\n","protected":false},"excerpt":{"rendered":"<p>Le Maxi khimar Isra collection est pour vous. Ce retomb\u00e9 sublime sa coupe pointu et arrondi sur les c\u00f4t\u00e9s vous assurera une couvrante total in sha Allah. Tr\u00e8s l\u00e9ger et fluide il dot\u00e9 de deux cordelette pour celle qui d\u00e9sir\u00e9e le porter en niquab. Longeur devant 1m10 Derri\u00e8re 1 m\u00e8tre 50 (mesure sans le bandeau [&hellip;]<\/p>\n","protected":false},"featured_media":6990,"comment_status":"open","ping_status":"closed","template":"","meta":{"inline_featured_image":false},"product_brand":[],"product_cat":[27,141,71],"product_tag":[],"class_list":{"0":"post-9573","1":"product","2":"type-product","3":"status-publish","4":"has-post-thumbnail","6":"product_cat-all","7":"product_cat-khimar","8":"product_cat-maxi-khimar","10":"first","11":"instock","12":"shipping-taxable","13":"purchasable","14":"product-type-variable","15":"rtwpvg-product"},"_links":{"self":[{"href":"https:\/\/isra-collection.com\/index.php?rest_route=\/wp\/v2\/product\/9573","targetHints":{"allow":["GET"]}}],"collection":[{"href":"https:\/\/isra-collection.com\/index.php?rest_route=\/wp\/v2\/product"}],"about":[{"href":"https:\/\/isra-collection.com\/index.php?rest_route=\/wp\/v2\/types\/product"}],"replies":[{"embeddable":true,"href":"https:\/\/isra-collection.com\/index.php?rest_route=%2Fwp%2Fv2%2Fcomments&post=9573"}],"wp:featuredmedia":[{"embeddable":true,"href":"https:\/\/isra-collection.com\/index.php?rest_route=\/wp\/v2\/media\/6990"}],"wp:attachment":[{"href":"https:\/\/isra-collection.com\/index.php?rest_route=%2Fwp%2Fv2%2Fmedia&parent=9573"}],"wp:term":[{"taxonomy":"product_brand","embeddable":true,"href":"https:\/\/isra-collection.com\/index.php?rest_route=%2Fwp%2Fv2%2Fproduct_brand&post=9573"},{"taxonomy":"product_cat","embeddable":true,"href":"https:\/\/isra-collection.com\/index.php?rest_route=%2Fwp%2Fv2%2Fproduct_cat&post=9573"},{"taxonomy":"product_tag","embeddable":true,"href":"https:\/\/isra-collection.com\/index.php?rest_route=%2Fwp%2Fv2%2Fproduct_tag&post=9573"}],"curies":[{"name":"wp","href":"https:\/\/api.w.org\/{rel}","templated":true}]}}