{"id":9606,"date":"2024-02-15T19:48:44","date_gmt":"2024-02-15T19:48:44","guid":{"rendered":"https:\/\/isra-collection.com\/?post_type=product&#038;p=9606"},"modified":"2026-04-30T18:46:58","modified_gmt":"2026-04-30T18:46:58","slug":"abaya-cloche-manche-ballon-tissu-soie-de-medine","status":"publish","type":"product","link":"https:\/\/isra-collection.com\/?product=abaya-cloche-manche-ballon-tissu-soie-de-medine","title":{"rendered":"Abaya cloche manche ballon Tissu Soie de M\u00e9dine"},"content":{"rendered":"<p>&nbsp;<\/p>\n<p>D\u00e9couvrez notre nouveau mod\u00e8le d\u2019Abaya Isra Collection. Cette abaya saura vous s\u00e9duire de part sa l\u00e9g\u00e8ret\u00e9 ainsi que son retomb\u00e9.<\/p>\n<div>Mod\u00e8le cloche pour un nouveau design tout en \u00e9tant mastoura.<\/div>\n<div>Dot\u00e9e de manche droite fa\u00e7on ballon, toutes en \u00e9tant tr\u00e8s couvrantes. Fermeture \u00e9clair invisible au niveau de la poitri7ne elle permettra de faciliter votre allaitement.<\/div>\n<div>Manche \u00e9lastique afin d\u2019obtenir un meilleur maintien au niveau des poign\u00e9es.<\/div>\n<div>Les couleurs peuvent changer selon la luminosit\u00e9.<\/div>\n<div><\/div>\n<div>\n<div><\/div>\n<div>Tissu soie de m\u00e9dine : la soie de m\u00e9dine est un tissu de luxe haute qualit\u00e9,<\/div>\n<div>Magnifique retomb\u00e9 ne bouloche pas fluide .<\/div>\n<div>Se porte en \u00e9t\u00e9 comme en hiver.<\/div>\n<\/div>\n<div><\/div>\n<div>Les abayas doivent \u00eatre port\u00e9 de mani\u00e8re l\u00e9gif\u00e9r\u00e9 avec un maxi khimar ou un maxi hijeb<\/div>\n<div><\/div>\n<div>Les couleurs claire peuvent \u00eatre transparentes.<\/div>\n<div>Les couleurs claire peuvent \u00eatre transparentes.<\/div>\n<div>Pour les nouvelles couleurs : gris perle, vert menthe beige ros\u00e9 vert sapin moka et bleu nuit.<\/div>\n<div>Les tailles ne sont pas celles affich\u00e9es sur le col, se r\u00e9f\u00e9rer \u00e0 l&rsquo;\u00e9tiquette imprim\u00e9 sur l&#8217;emballage<\/div>\n<div><\/div>\n","protected":false},"excerpt":{"rendered":"<p>&nbsp; D\u00e9couvrez notre nouveau mod\u00e8le d\u2019Abaya Isra Collection. Cette abaya saura vous s\u00e9duire de part sa l\u00e9g\u00e8ret\u00e9 ainsi que son retomb\u00e9. Mod\u00e8le cloche pour un nouveau design tout en \u00e9tant mastoura. Dot\u00e9e de manche droite fa\u00e7on ballon, toutes en \u00e9tant tr\u00e8s couvrantes. Fermeture \u00e9clair invisible au niveau de la poitri7ne elle permettra de faciliter votre [&hellip;]<\/p>\n","protected":false},"featured_media":15018,"comment_status":"open","ping_status":"closed","template":"","meta":{"inline_featured_image":false},"product_brand":[],"product_cat":[27,69,149],"product_tag":[],"class_list":{"0":"post-9606","1":"product","2":"type-product","3":"status-publish","4":"has-post-thumbnail","6":"product_cat-all","7":"product_cat-abaya","8":"product_cat-abaya-cloche","10":"first","11":"instock","12":"shipping-taxable","13":"purchasable","14":"product-type-variable","15":"rtwpvg-product"},"_links":{"self":[{"href":"https:\/\/isra-collection.com\/index.php?rest_route=\/wp\/v2\/product\/9606","targetHints":{"allow":["GET"]}}],"collection":[{"href":"https:\/\/isra-collection.com\/index.php?rest_route=\/wp\/v2\/product"}],"about":[{"href":"https:\/\/isra-collection.com\/index.php?rest_route=\/wp\/v2\/types\/product"}],"replies":[{"embeddable":true,"href":"https:\/\/isra-collection.com\/index.php?rest_route=%2Fwp%2Fv2%2Fcomments&post=9606"}],"wp:featuredmedia":[{"embeddable":true,"href":"https:\/\/isra-collection.com\/index.php?rest_route=\/wp\/v2\/media\/15018"}],"wp:attachment":[{"href":"https:\/\/isra-collection.com\/index.php?rest_route=%2Fwp%2Fv2%2Fmedia&parent=9606"}],"wp:term":[{"taxonomy":"product_brand","embeddable":true,"href":"https:\/\/isra-collection.com\/index.php?rest_route=%2Fwp%2Fv2%2Fproduct_brand&post=9606"},{"taxonomy":"product_cat","embeddable":true,"href":"https:\/\/isra-collection.com\/index.php?rest_route=%2Fwp%2Fv2%2Fproduct_cat&post=9606"},{"taxonomy":"product_tag","embeddable":true,"href":"https:\/\/isra-collection.com\/index.php?rest_route=%2Fwp%2Fv2%2Fproduct_tag&post=9606"}],"curies":[{"name":"wp","href":"https:\/\/api.w.org\/{rel}","templated":true}]}}